{"id":49,"date":"2023-10-10T00:07:51","date_gmt":"2023-10-10T00:07:51","guid":{"rendered":"https:\/\/services.secrets-university.com\/?page_id=27"},"modified":"2023-10-10T00:07:51","modified_gmt":"2023-10-10T00:07:51","slug":"home","status":"publish","type":"page","link":"https:\/\/webmarketia.com\/francais\/","title":{"rendered":"Bienvenue"},"content":{"rendered":"\n<p><\/p>\n\n\n\n<h2 class=\"wp-block-heading\">WebMarketiA &#8212; Web Marketing &amp; IA <\/h2>\n\n\n\n<p><\/p>\n\n\n\n<h3 class=\"wp-block-heading has-text-align-center\"><em>Nous simplifions et optimisons votre informatique et votre marketing.<br>Nous nous cassons la t\u00eate pour vous sur les strat\u00e9gie et la technique&#8230; <br>&#8230; vous vous concentrez sur votre activit\u00e9.<\/em><\/h3>\n\n\n\n<p><\/p>\n\n\n\n<p><strong>WebMarketiA, c\u2019est quoi ?<\/strong><\/p>\n\n\n\n<p><strong>WebMarketiA<\/strong> est un studio num\u00e9rique complet qui r\u00e9unit trois piliers essentiels du monde digital moderne :<\/p>\n\n\n\n<h4 class=\"wp-block-heading\"><strong>1. Web<\/strong><\/h4>\n\n\n\n<p>Cr\u00e9ation, accompagnement et d\u00e9veloppement de projets num\u00e9riques pour tous niveaux.<br>De l\u2019initiation \u00e0 l\u2019informatique pour grands d\u00e9butants \u00e0 la mise en ligne de sites professionnels, en passant par la conception de tunnels de vente, la maintenance, l&rsquo;automatisation et le d\u00e9veloppement sur mesure. Que vous soyez un particulier, une PME ou une grande organisation, nous vous aidons \u00e0 concr\u00e9tiser vos id\u00e9es web.<br><\/p>\n\n\n\n<h4 class=\"wp-block-heading\"><a href=\"https:\/\/webmarketia.com\/francais\/services\/\" data-type=\"page\" data-id=\"50\">\ud83d\udc49 <em>Voir tous les services propos\u00e9s sur la page \u201cServices\u201d.<\/em><\/a><\/h4>\n\n\n\n<p><\/p>\n\n\n\n<p><\/p>\n\n\n\n<h4 class=\"wp-block-heading\"><strong>2. Marketing<\/strong><\/h4>\n\n\n\n<p>Des strat\u00e9gies simples, humaines et efficaces pour faire conna\u00eetre vos projets, attirer les bons clients, et augmenter votre impact.<br>Notre approche combine storytelling, branding, cr\u00e9ation de contenus, r\u00e9seaux sociaux, tunnels de conversion, newsletters, copywriting, automation, et bien plus.<br>Nous mettons le marketing au service des valeurs et de la vision de chaque client.<\/p>\n\n\n\n<h4 class=\"wp-block-heading\"><a href=\"https:\/\/webmarketia.com\/francais\/services\/\" data-type=\"page\" data-id=\"50\">\ud83d\udc49 <em>Voir tous les services propos\u00e9s sur la page \u201cServices\u201d.<\/em><\/a><\/h4>\n\n\n\n<p><\/p>\n\n\n\n<p><\/p>\n\n\n\n<h4 class=\"wp-block-heading\"><strong>3. Intelligence artificielle<\/strong><\/h4>\n\n\n\n<p>L\u2019IA devient accessible et utile, m\u00eame aux non-techniciens.<br>WebMarketiA vous forme et vous accompagne pour exploiter concr\u00e8tement l\u2019IA dans vos projets : g\u00e9n\u00e9ration de contenus, automatisations, analyse de donn\u00e9es, assistants personnalis\u00e9s, interfaces conversationnelles, etc.<br>Le tout avec des outils simples, \u00e9thiques et puissants, s\u00e9lectionn\u00e9s pour leurs r\u00e9sultats.<\/p>\n\n\n\n<p>La surcouche intelligence artificielle est directement appliqu\u00e9e \u00e0 chaque projet, chaque mandat, chaque service, en en tirant le meilleur parti, tout en v\u00e9rifiant toujours les r\u00e9sultats et les donn\u00e9es.<\/p>\n\n\n\n<p><\/p>\n\n\n\n<h3 class=\"wp-block-heading\">Dans ces 3 domaines, nous proposons aussi des formations courtes, ains que des programmes de formations tr\u00e8s complets<\/h3>\n\n\n\n<p><\/p>\n\n\n\n<h4 class=\"wp-block-heading\"><a href=\"https:\/\/webmarketia.com\/francais\/formations\/\" data-type=\"page\" data-id=\"440\">\ud83d\udc49 Cliquez ici pour d\u00e9couvrir les formations<\/a><\/h4>\n\n\n\n<p><\/p>\n\n\n\n<p><\/p>\n\n\n\n<p><\/p>\n\n\n\n<h2 class=\"wp-block-heading\">Quelque exemples de services d\u00e9j\u00e0 r\u00e9alis\u00e9s <\/h2>\n\n\n\n<p><\/p>\n\n\n<ul class=\"wp-block-latest-posts__list wp-block-latest-posts\"><li><a class=\"wp-block-latest-posts__post-title\" href=\"https:\/\/webmarketia.com\/francais\/1012-francais-aide-ecriture-de-livre-essais-documents-articles-de-blogs-sites-internet-documents-lettres-ou-courriers\/\">1012. Fran\u00e7ais &#8212; Aide \u00e9criture de Livre, Essais, Documents, Articles de Blogs, Sites internet, Documents, lettres ou courriers<\/a><\/li>\n<\/ul>\n\n\n<p><\/p>\n\n\n\n<p><\/p>\n\n\n\n<h2 class=\"wp-block-heading\">Demander une \u00e9valuation et un devis gratuit pour votre projet<\/h2>\n\n\n\n<p><\/p>\n\n\n\n<h2 class=\"wp-block-heading has-text-align-center\"><a href=\"https:\/\/s.webmarketia.com\/francais-onboarding-services?sa=sa02234707093a0151c794af015f8ae3b8d8bdec29&amp;tk=webmarketiaservice\">Cliquez sur ce lien pour demander une \u00e9valuation et un devis gratuit pour votre projet<\/a><\/h2>\n\n\n\n<p><\/p>\n\n\n\n<div class=\"wp-block-buttons is-layout-flex wp-block-buttons-is-layout-flex\">\n<div class=\"wp-block-button\"><a class=\"wp-block-button__link has-text-align-center wp-element-button\" href=\"https:\/\/s.webmarketia.com\/francais-onboarding-services?sa=sa02234707093a0151c794af015f8ae3b8d8bdec29&amp;tk=webmarketiaservice\">Demander une \u00e9valuation et un devis gratuit pour votre projet<\/a><\/div>\n<\/div>\n\n\n\n<p><\/p>\n\n\n\n<p><\/p>\n\n\n\n<p><\/p>\n\n\n\n<h2 class=\"wp-block-heading\">Les formations <\/h2>\n\n\n\n<p><\/p>\n\n\n\n<p><\/p>\n\n\n\n<p><\/p>\n\n\n\n<p><\/p>\n\n\n\n<p><\/p>\n\n\n\n<p><\/p>\n\n\n\n<p><\/p>\n\n\n\n<p><\/p>\n","protected":false},"excerpt":{"rendered":"<p>WebMarketiA &#8212; Web Marketing &amp; IA Nous simplifions et optimisons votre informatique et votre marketing.Nous nous cassons la t\u00eate pour vous sur les strat\u00e9gie et la technique&#8230; &#8230; vous vous concentrez sur votre activit\u00e9. WebMarketiA, c\u2019est quoi ? WebMarketiA est un studio num\u00e9rique complet qui r\u00e9unit trois piliers essentiels du monde digital moderne : 1. &hellip; <\/p>\n<p><a class=\"more-link btn\" href=\"https:\/\/webmarketia.com\/francais\/\">Lire la suite<\/a><\/p>\n","protected":false},"author":1,"featured_media":0,"parent":0,"menu_order":0,"comment_status":"closed","ping_status":"closed","template":"","meta":{"pagelayer_contact_templates":[],"_pagelayer_content":"","footnotes":""},"class_list":["post-49","page","type-page","status-publish","hentry","nodate","item-wrap"],"_links":{"self":[{"href":"https:\/\/webmarketia.com\/francais\/wp-json\/wp\/v2\/pages\/49","targetHints":{"allow":["GET"]}}],"collection":[{"href":"https:\/\/webmarketia.com\/francais\/wp-json\/wp\/v2\/pages"}],"about":[{"href":"https:\/\/webmarketia.com\/francais\/wp-json\/wp\/v2\/types\/page"}],"author":[{"embeddable":true,"href":"https:\/\/webmarketia.com\/francais\/wp-json\/wp\/v2\/users\/1"}],"replies":[{"embeddable":true,"href":"https:\/\/webmarketia.com\/francais\/wp-json\/wp\/v2\/comments?post=49"}],"version-history":[{"count":0,"href":"https:\/\/webmarketia.com\/francais\/wp-json\/wp\/v2\/pages\/49\/revisions"}],"wp:attachment":[{"href":"https:\/\/webmarketia.com\/francais\/wp-json\/wp\/v2\/media?parent=49"}],"curies":[{"name":"wp","href":"https:\/\/api.w.org\/{rel}","templated":true}]}}